{"id":2825,"date":"2022-07-24T14:13:48","date_gmt":"2022-07-24T12:13:48","guid":{"rendered":"https:\/\/ciel31-handball.fr\/?page_id=2825"},"modified":"2024-07-10T10:23:26","modified_gmt":"2024-07-10T08:23:26","slug":"comment-sinscrire","status":"publish","type":"page","link":"https:\/\/ciel31-handball.fr\/?page_id=2825","title":{"rendered":"Comment s&rsquo;inscrire ?"},"content":{"rendered":"\n<h4 class=\"wp-block-heading\"><strong>Pour vous inscrire \u2794 Envoyez un mail \u00e0 &nbsp;<a rel=\"noreferrer noopener\" href=\"mailto:ciel31handball@gmail.com?subject=Inscription%20CIEL%2031&amp;body=Bonjour%2C%0A%0Aje%20souhaite%20m%27inscrire%20au%20club%2C%20voici%20les%20renseignements%0A%0A-%20Nom%20%3A%20%0A-%20Pr%C3%A9nom%20%3A%20%0A-%20Date%20de%20naissance%20%3A%0A-%20Adresse%20mail%20%3A%0A\" target=\"_blank\">ciel31handball@gmail.com<\/a>&nbsp;en pr\u00e9cisant :<\/strong><\/h4>\n\n\n\n<ul class=\"wp-block-list\">\n<li>Nom Pr\u00e9nom<\/li>\n\n\n\n<li>Date de naissance<\/li>\n\n\n\n<li>Lieu de naissance <\/li>\n\n\n\n<li>Adresse mail de r\u00e9f\u00e9rence qui servira tout au long de la saison (adresse email des parents pour les mineurs<strong>)<\/strong><\/li>\n<\/ul>\n\n\n\n<p>Puis vous recevrez un mail avec les \u00e9tapes \u00e0 suivre et vous devrez ensuite apporter le dossier papier au club lors d&rsquo;une permanence<\/p>\n\n\n\n<div class=\"wp-block-buttons is-layout-flex wp-block-buttons-is-layout-flex\">\n<div class=\"wp-block-button\"><a class=\"wp-block-button__link wp-element-button\" href=\"https:\/\/ciel31-handball.fr\/?page_id=2791\">Prix des cotisations<\/a><\/div>\n\n\n\n<div class=\"wp-block-button\"><a class=\"wp-block-button__link wp-element-button\" href=\"https:\/\/ciel31-handball.fr\/?page_id=2794\">Documents \u00e0 t\u00e9l\u00e9charger<\/a><\/div>\n<\/div>\n\n\n\n<p><\/p>\n\n\n\n<figure class=\"wp-block-image size-full\"><img fetchpriority=\"high\" decoding=\"async\" width=\"650\" height=\"270\" src=\"https:\/\/ciel31-handball.fr\/wp-content\/uploads\/2024\/07\/Visuel-banniere-Email.png\" alt=\"\" class=\"wp-image-3397\" srcset=\"https:\/\/ciel31-handball.fr\/wp-content\/uploads\/2024\/07\/Visuel-banniere-Email.png 650w, https:\/\/ciel31-handball.fr\/wp-content\/uploads\/2024\/07\/Visuel-banniere-Email-250x104.png 250w, https:\/\/ciel31-handball.fr\/wp-content\/uploads\/2024\/07\/Visuel-banniere-Email-350x145.png 350w, https:\/\/ciel31-handball.fr\/wp-content\/uploads\/2024\/07\/Visuel-banniere-Email-300x125.png 300w\" sizes=\"(max-width: 650px) 100vw, 650px\" \/><\/figure>\n\n\n\n<p>\ud83e\udd3e\u200d\u2642\ufe0fPour la rentr\u00e9e, plus besoin d\u2019envoyer vos ch\u00e8ques ou de passer les d\u00e9poser au club.<br>On va gagner un temps fou ! (Et vous aussi\ud83d\ude09)<br>Une bonne nouvelle n&rsquo;arrivant jamais seule, vous avez \u00e9galement la possibilit\u00e9 d&rsquo;utiliser<br>le paiement en plusieurs fois\ud83d\udcb6\ud83d\udcb6\ud83d\udcb6!<\/p>\n\n\n\n<p>Le paiement par ch\u00e8ques ou virement bancaire reste possible.<\/p>\n","protected":false},"excerpt":{"rendered":"<p>Pour vous inscrire \u2794 Envoyez un mail \u00e0 &nbsp;ciel31handball@gmail.com&nbsp;en pr\u00e9cisant : Puis vous recevrez un mail avec les \u00e9tapes \u00e0 suivre et vous devrez ensuite apporter le dossier papier au club lors d&rsquo;une permanence \ud83e\udd3e\u200d\u2642\ufe0fPour la rentr\u00e9e, plus besoin d\u2019envoyer vos ch\u00e8ques ou de passer les d\u00e9poser au club.On va gagner un temps fou ! &hellip; <\/p>\n<p class=\"link-more\"><a href=\"https:\/\/ciel31-handball.fr\/?page_id=2825\" class=\"more-link\">Continuer la lecture<span class=\"screen-reader-text\"> de &laquo;&nbsp;Comment s&rsquo;inscrire ?&nbsp;&raquo;<\/span><\/a><\/p>\n","protected":false},"author":2,"featured_media":0,"parent":0,"menu_order":0,"comment_status":"closed","ping_status":"closed","template":"","meta":{"_eb_attr":"","footnotes":""},"folder":[41],"class_list":["post-2825","page","type-page","status-publish","hentry"],"_links":{"self":[{"href":"https:\/\/ciel31-handball.fr\/index.php?rest_route=\/wp\/v2\/pages\/2825","targetHints":{"allow":["GET"]}}],"collection":[{"href":"https:\/\/ciel31-handball.fr\/index.php?rest_route=\/wp\/v2\/pages"}],"about":[{"href":"https:\/\/ciel31-handball.fr\/index.php?rest_route=\/wp\/v2\/types\/page"}],"author":[{"embeddable":true,"href":"https:\/\/ciel31-handball.fr\/index.php?rest_route=\/wp\/v2\/users\/2"}],"replies":[{"embeddable":true,"href":"https:\/\/ciel31-handball.fr\/index.php?rest_route=%2Fwp%2Fv2%2Fcomments&post=2825"}],"version-history":[{"count":0,"href":"https:\/\/ciel31-handball.fr\/index.php?rest_route=\/wp\/v2\/pages\/2825\/revisions"}],"wp:attachment":[{"href":"https:\/\/ciel31-handball.fr\/index.php?rest_route=%2Fwp%2Fv2%2Fmedia&parent=2825"}],"wp:term":[{"taxonomy":"folder","embeddable":true,"href":"https:\/\/ciel31-handball.fr\/index.php?rest_route=%2Fwp%2Fv2%2Ffolder&post=2825"}],"curies":[{"name":"wp","href":"https:\/\/api.w.org\/{rel}","templated":true}]}}