{"id":2794,"date":"2022-07-21T19:38:17","date_gmt":"2022-07-21T17:38:17","guid":{"rendered":"https:\/\/ciel31-handball.fr\/?page_id=2794"},"modified":"2025-07-11T14:57:21","modified_gmt":"2025-07-11T12:57:21","slug":"documents-a-telecharger","status":"publish","type":"page","link":"https:\/\/ciel31-handball.fr\/?page_id=2794","title":{"rendered":"Documents \u00e0 t\u00e9l\u00e9charger"},"content":{"rendered":"\n<p><\/p>\n\n\n\n<div class=\"wp-block-file aligncenter\" style=\"text-align: center;\">\n<p style=\"font-size: 1.2em; font-weight: bold;\">\ud83d\udcc2 Dossier complet d&rsquo;inscription au club CIEL31<\/p>\n<a class=\"wp-block-file__button wp-element-button\" style=\"background-color: #0055aa; color: white; padding: 10px 20px; border-radius: 5px; text-decoration: none;\" href=\"https:\/\/ciel31-handball.fr\/wp-content\/uploads\/2025\/07\/Ciel31-25-26.zip\"\"> \ud83d\udce5 T\u00e9l\u00e9charger le dossier \ud83d\udce5 <\/a><\/div>\n\n\n\n<p class=\"has-text-align-center\"><br> <br><\/p>\n\n\n\n<p class=\"has-text-align-center\">Documents t\u00e9l\u00e9chargeables individuellement :<\/p>\n\n\n\n<div class=\"wp-block-file aligncenter\" style=\"text-align: center;\">\n<a style=\"font-size: 1.2em; font-weight: bold;\">\ud83d\udcdd Fiche tarifs CIEL31 \ud83d\udcdd<\/a>\n<a class=\"wp-block-file__button wp-element-button\" style=\"background-color: #0055aa; color: white; padding: 10px 20px; border-radius: 5px; text-decoration: none;\" href=\"https:\/\/ciel31-handball.fr\/wp-content\/uploads\/2025\/07\/TARIFS.pdf\"\"> \ud83d\udce5 T\u00e9l\u00e9charger le fichier \ud83d\udce5 <\/a><\/div>\n\n\n\n\n<div class=\"wp-block-file aligncenter\" style=\"text-align: center;\">\n<a style=\"font-size: 1.2em; font-weight: bold;\">\ud83d\udcdd Fiche modalit\u00e9s CIEL31 \ud83d\udcdd<\/a>\n<a class=\"wp-block-file__button wp-element-button\" style=\"background-color: #0055aa; color: white; padding: 10px 20px; border-radius: 5px; text-decoration: none;\" href=\"https:\/\/ciel31-handball.fr\/wp-content\/uploads\/2025\/07\/Modalites-dinscription-25-26.pdf\"\"> \ud83d\udce5 T\u00e9l\u00e9charger le fichier \ud83d\udce5 <\/a><\/div>\n\n\n\n\n<div class=\"wp-block-file aligncenter\" style=\"text-align: center;\">\n<a style=\"font-size: 1.2em; font-weight: bold;\">\ud83d\udcdd Fiche Renseignements et Autorisations CIEL31 \ud83d\udcdd<\/a>\n<a class=\"wp-block-file__button wp-element-button\" style=\"background-color: #0055aa; color: white; padding: 10px 20px; border-radius: 5px; text-decoration: none;\" href=\"https:\/\/ciel31-handball.fr\/wp-content\/uploads\/2025\/07\/Renseignements-_Autorisations-25-26.pdf\"\"> \ud83d\udce5 T\u00e9l\u00e9charger le fichier \ud83d\udce5 <\/a><\/div>\n\n\n\n\n<div class=\"wp-block-file aligncenter\" style=\"text-align: center;\">\n<a style=\"font-size: 1.2em; font-weight: bold;\">\ud83d\udcdd Fiche Cr\u00e9neaux entra\u00eenements 2025 \ud83d\udcdd<\/a>\n<a class=\"wp-block-file__button wp-element-button\" style=\"background-color: #0055aa; color: white; padding: 10px 20px; border-radius: 5px; text-decoration: none;\" href=\"https:\/\/ciel31-handball.fr\/wp-content\/uploads\/2025\/07\/Creneaux-entrainements-25-26.pdf\"\"> \ud83d\udce5 T\u00e9l\u00e9charger le fichier \ud83d\udce5 <\/a><\/div>\n\n\n\n\n<div class=\"wp-block-file aligncenter\" style=\"text-align: center;\">\n<a style=\"font-size: 1.2em; font-weight: bold;\">\ud83d\udcdd Fiche pour certificat m\u00e9dical \ud83d\udcdd<\/a>\n<a class=\"wp-block-file__button wp-element-button\" style=\"background-color: #0055aa; color: white; padding: 10px 20px; border-radius: 5px; text-decoration: none;\" href=\"https:\/\/ciel31-handball.fr\/wp-content\/uploads\/2025\/07\/Certificat-medical.pdf\"\"> \ud83d\udce5 T\u00e9l\u00e9charger le fichier \ud83d\udce5 <\/a><\/div>\n\n\n\n\n<div class=\"wp-block-file aligncenter\" style=\"text-align: center;\">\n<a style=\"font-size: 1.2em; font-weight: bold;\">\ud83d\udcdd Fiche r\u00e8glement int\u00e9rieur \ud83d\udcdd<\/a>\n<a class=\"wp-block-file__button wp-element-button\" style=\"background-color: #0055aa; color: white; padding: 10px 20px; border-radius: 5px; text-decoration: none;\" href=\"https:\/\/ciel31-handball.fr\/wp-content\/uploads\/2025\/07\/Reglement-interieur.pdf\"\"> \ud83d\udce5 T\u00e9l\u00e9charger le fichier \ud83d\udce5 <\/a><\/div>\n\n\n\n\n<div class=\"wp-block-file aligncenter\" style=\"text-align: center;\">\n<a style=\"font-size: 1.2em; font-weight: bold;\">\ud83d\udcdd Fiche guide proc\u00e9dure GESTHAND \ud83d\udcdd<\/a>\n<a class=\"wp-block-file__button wp-element-button\" style=\"background-color: #0055aa; color: white; padding: 10px 20px; border-radius: 5px; text-decoration: none;\" href=\"https:\/\/ciel31-handball.fr\/wp-content\/uploads\/2024\/07\/Procedure-GESTHAND.pdf\"\"> \ud83d\udce5 T\u00e9l\u00e9charger le fichier \ud83d\udce5 <\/a><\/div>\n\n\n\n\n<div class=\"wp-block-file aligncenter\" style=\"text-align: center;\">\n<a style=\"font-size: 1.2em; font-weight: bold;\">\ud83d\udcdd RIB CIEL31 \ud83d\udcdd<\/a>\n<a class=\"wp-block-file__button wp-element-button\" style=\"background-color: #0055aa; color: white; padding: 10px 20px; border-radius: 5px; text-decoration: none;\" href=\"https:\/\/ciel31-handball.fr\/wp-content\/uploads\/2025\/07\/RIB_C_I_E_L_31.pdf\"\"> \ud83d\udce5 T\u00e9l\u00e9charger le fichier \ud83d\udce5 <\/a><\/div>\n\n\n\n\n<p><\/p>\n","protected":false},"excerpt":{"rendered":"<p>\ud83d\udcc2 Dossier complet d&rsquo;inscription au club CIEL31 \ud83d\udce5 T\u00e9l\u00e9charger le fichier \ud83d\udce5 \ud83d\udcdd Fiche modalit\u00e9s CIEL31 \ud83d\udcdd \ud83d\udce5 T\u00e9l\u00e9charger le fichier \ud83d\udce5 \ud83d\udcdd Fiche Cr\u00e9neaux entra\u00eenements 2025 \ud83d\udcdd \ud83d\udce5 T\u00e9l\u00e9charger le fichier \ud83d\udce5 \ud83d\udcdd Fiche r\u00e8glement int\u00e9rieur \ud83d\udcdd \ud83d\udce5 T\u00e9l\u00e9charger le fichier \ud83d\udce5 \ud83d\udcdd RIB CIEL31 \ud83d\udcdd<\/p>\n","protected":false},"author":2,"featured_media":0,"parent":0,"menu_order":0,"comment_status":"closed","ping_status":"closed","template":"","meta":{"_eb_attr":"","footnotes":""},"folder":[41],"class_list":["post-2794","page","type-page","status-publish","hentry"],"_links":{"self":[{"href":"https:\/\/ciel31-handball.fr\/index.php?rest_route=\/wp\/v2\/pages\/2794","targetHints":{"allow":["GET"]}}],"collection":[{"href":"https:\/\/ciel31-handball.fr\/index.php?rest_route=\/wp\/v2\/pages"}],"about":[{"href":"https:\/\/ciel31-handball.fr\/index.php?rest_route=\/wp\/v2\/types\/page"}],"author":[{"embeddable":true,"href":"https:\/\/ciel31-handball.fr\/index.php?rest_route=\/wp\/v2\/users\/2"}],"replies":[{"embeddable":true,"href":"https:\/\/ciel31-handball.fr\/index.php?rest_route=%2Fwp%2Fv2%2Fcomments&post=2794"}],"version-history":[{"count":0,"href":"https:\/\/ciel31-handball.fr\/index.php?rest_route=\/wp\/v2\/pages\/2794\/revisions"}],"wp:attachment":[{"href":"https:\/\/ciel31-handball.fr\/index.php?rest_route=%2Fwp%2Fv2%2Fmedia&parent=2794"}],"wp:term":[{"taxonomy":"folder","embeddable":true,"href":"https:\/\/ciel31-handball.fr\/index.php?rest_route=%2Fwp%2Fv2%2Ffolder&post=2794"}],"curies":[{"name":"wp","href":"https:\/\/api.w.org\/{rel}","templated":true}]}}