{"id":2791,"date":"2022-07-21T19:37:32","date_gmt":"2022-07-21T17:37:32","guid":{"rendered":"https:\/\/ciel31-handball.fr\/?page_id=2791"},"modified":"2025-07-11T13:31:26","modified_gmt":"2025-07-11T11:31:26","slug":"prix-des-licences","status":"publish","type":"page","link":"https:\/\/ciel31-handball.fr\/?page_id=2791","title":{"rendered":"Prix des cotisations"},"content":{"rendered":"\n<p><\/p>\n\n\n\n<div class=\"wp-block-group\"><div class=\"wp-block-group__inner-container is-layout-constrained wp-block-group-is-layout-constrained\">\n<figure class=\"wp-block-table\"><table><tbody><tr><td><strong>Ann\u00e9e de Naissance<\/strong><\/td><td><strong>Cat\u00e9gorie<\/strong><\/td><td><strong>Tarifs Habitants<br>Escalquens-Lab\u00e8ge<\/strong><\/td><td><strong>Tarifs Habitants<br>Autres communes<\/strong><\/td><td><strong>Mutation<\/strong><\/td><\/tr><tr><td>2022, 2021,<br>2020<\/td><td>Baby Hand<\/td><td>105<\/td><td>115<\/td><td>0<\/td><\/tr><tr><td>2019, 2018,<br>2017<\/td><td>Ecole de hand (mixte)<\/td><td>175<\/td><td>185<\/td><td>0<\/td><\/tr><tr><td>2016 et 2015<\/td><td>11 ans : Fille \/Gar\u00e7on<\/td><td>185<\/td><td>195<\/td><td>0<\/td><\/tr><tr><td>2014 et 2013<\/td><td>13 ans : Fille \/Gar\u00e7on<\/td><td>195<\/td><td>205<\/td><td>0<\/td><\/tr><tr><td>2012 et 2011<\/td><td>15 ans : Fille \/Gar\u00e7on<\/td><td>202<\/td><td>212<\/td><td>55<\/td><\/tr><tr><td>2010, 2009, 2008<\/td><td>&#8211; 18 ans Fille\/Gar\u00e7on<\/td><td>212<\/td><td>222<\/td><td>55(2010)\/90<\/td><\/tr><tr><td>2007 et avant<\/td><td>S\u00e9nior (Fille \/ Gar\u00e7on \/ Autan R\u00e9gion)<\/td><td>225<\/td><td>235<\/td><td>90<\/td><\/tr><tr><td>Tout \u00e2ge<\/td><td>Hand\u2019ensemble<\/td><td>30 <\/td><td>30 <\/td><td>0<\/td><\/tr><tr><td><\/td><td>Licence Dirigeant<\/td><td>Offerte par le club (co\u00fbt 30,46\u20ac)<br>Don au Club pour cette licence accept\u00e9e<\/td><td><\/td><td><\/td><\/tr><\/tbody><\/table><\/figure>\n<\/div><\/div>\n\n\n\n<p>Pour les familles, une r\u00e9duction de 10% est appliqu\u00e9e sur la 2\u00e8m\u00e8 licence, de 20% sur la 3\u00e8me et les<br>suivantes.<\/p>\n","protected":false},"excerpt":{"rendered":"<p>Ann\u00e9e de Naissance Cat\u00e9gorie Tarifs HabitantsEscalquens-Lab\u00e8ge Tarifs HabitantsAutres communes Mutation 2022, 2021,2020 Baby Hand 105 115 0 2019, 2018,2017 Ecole de hand (mixte) 175 185 0 2016 et 2015 11 ans : Fille \/Gar\u00e7on 185 195 0 2014 et 2013 13 ans : Fille \/Gar\u00e7on 195 205 0 2012 et 2011 15 ans : Fille &hellip; <\/p>\n<p class=\"link-more\"><a href=\"https:\/\/ciel31-handball.fr\/?page_id=2791\" class=\"more-link\">Continuer la lecture<span class=\"screen-reader-text\"> de &laquo;&nbsp;Prix des cotisations&nbsp;&raquo;<\/span><\/a><\/p>\n","protected":false},"author":2,"featured_media":0,"parent":0,"menu_order":0,"comment_status":"closed","ping_status":"closed","template":"","meta":{"_eb_attr":"","footnotes":""},"folder":[41],"class_list":["post-2791","page","type-page","status-publish","hentry"],"_links":{"self":[{"href":"https:\/\/ciel31-handball.fr\/index.php?rest_route=\/wp\/v2\/pages\/2791","targetHints":{"allow":["GET"]}}],"collection":[{"href":"https:\/\/ciel31-handball.fr\/index.php?rest_route=\/wp\/v2\/pages"}],"about":[{"href":"https:\/\/ciel31-handball.fr\/index.php?rest_route=\/wp\/v2\/types\/page"}],"author":[{"embeddable":true,"href":"https:\/\/ciel31-handball.fr\/index.php?rest_route=\/wp\/v2\/users\/2"}],"replies":[{"embeddable":true,"href":"https:\/\/ciel31-handball.fr\/index.php?rest_route=%2Fwp%2Fv2%2Fcomments&post=2791"}],"version-history":[{"count":0,"href":"https:\/\/ciel31-handball.fr\/index.php?rest_route=\/wp\/v2\/pages\/2791\/revisions"}],"wp:attachment":[{"href":"https:\/\/ciel31-handball.fr\/index.php?rest_route=%2Fwp%2Fv2%2Fmedia&parent=2791"}],"wp:term":[{"taxonomy":"folder","embeddable":true,"href":"https:\/\/ciel31-handball.fr\/index.php?rest_route=%2Fwp%2Fv2%2Ffolder&post=2791"}],"curies":[{"name":"wp","href":"https:\/\/api.w.org\/{rel}","templated":true}]}}