{"id":2103,"date":"2020-11-11T16:48:21","date_gmt":"2020-11-11T15:48:21","guid":{"rendered":"https:\/\/ciel31-handball.fr\/?page_id=2103"},"modified":"2020-11-12T19:58:25","modified_gmt":"2020-11-12T18:58:25","slug":"statuts-du-club","status":"publish","type":"page","link":"https:\/\/ciel31-handball.fr\/?page_id=2103","title":{"rendered":"Statuts du Club et Comptes-rendus d&rsquo;Assembl\u00e9e G\u00e9n\u00e9rale"},"content":{"rendered":"\n<p>Les adh\u00e9rents du Club peuvent demander \u00e0 consulter dans les locaux (bureau \u00e0 Escalquens) les Statuts de l&rsquo;associations et les comptes-rendus des Assembl\u00e9es G\u00e9n\u00e9rales.<\/p>\n\n\n\n<figure class=\"wp-block-image size-large is-resized\"><a href=\"https:\/\/ciel31-handball.fr\/?page_id=1572\"><img fetchpriority=\"high\" decoding=\"async\" src=\"https:\/\/ciel31-handball.fr\/wp-content\/uploads\/2020\/11\/bouton-contact-1024x336.png\" alt=\"\" class=\"wp-image-2207\" width=\"397\" height=\"130\"\/><\/a><\/figure>\n","protected":false},"excerpt":{"rendered":"<p>Les adh\u00e9rents du Club peuvent demander \u00e0 consulter dans les locaux (bureau \u00e0 Escalquens) les Statuts de l&rsquo;associations et les comptes-rendus des Assembl\u00e9es G\u00e9n\u00e9rales.<\/p>\n","protected":false},"author":2,"featured_media":0,"parent":0,"menu_order":0,"comment_status":"closed","ping_status":"closed","template":"","meta":{"_eb_attr":"","footnotes":""},"folder":[43],"class_list":["post-2103","page","type-page","status-publish","hentry"],"_links":{"self":[{"href":"https:\/\/ciel31-handball.fr\/index.php?rest_route=\/wp\/v2\/pages\/2103","targetHints":{"allow":["GET"]}}],"collection":[{"href":"https:\/\/ciel31-handball.fr\/index.php?rest_route=\/wp\/v2\/pages"}],"about":[{"href":"https:\/\/ciel31-handball.fr\/index.php?rest_route=\/wp\/v2\/types\/page"}],"author":[{"embeddable":true,"href":"https:\/\/ciel31-handball.fr\/index.php?rest_route=\/wp\/v2\/users\/2"}],"replies":[{"embeddable":true,"href":"https:\/\/ciel31-handball.fr\/index.php?rest_route=%2Fwp%2Fv2%2Fcomments&post=2103"}],"version-history":[{"count":0,"href":"https:\/\/ciel31-handball.fr\/index.php?rest_route=\/wp\/v2\/pages\/2103\/revisions"}],"wp:attachment":[{"href":"https:\/\/ciel31-handball.fr\/index.php?rest_route=%2Fwp%2Fv2%2Fmedia&parent=2103"}],"wp:term":[{"taxonomy":"folder","embeddable":true,"href":"https:\/\/ciel31-handball.fr\/index.php?rest_route=%2Fwp%2Fv2%2Ffolder&post=2103"}],"curies":[{"name":"wp","href":"https:\/\/api.w.org\/{rel}","templated":true}]}}