{"id":2058,"date":"2020-11-11T15:17:05","date_gmt":"2020-11-11T14:17:05","guid":{"rendered":"https:\/\/ciel31-handball.fr\/?page_id=2058"},"modified":"2025-10-11T19:59:24","modified_gmt":"2025-10-11T17:59:24","slug":"commission-communication","status":"publish","type":"page","link":"https:\/\/ciel31-handball.fr\/?page_id=2058","title":{"rendered":"Commission communication"},"content":{"rendered":"\n<p>La commission Communication comme le nom l&rsquo;indique a pout but de communiquer en externe sur les diff\u00e9rents \u00e9v\u00e8nements, r\u00e9sultats, actions du club. La commission est notamment en charge des r\u00e9seaux sociaux (Facebook &amp; Instagram) et du site interne.<\/p>\n\n\n\n<p>Vous souhaitez rejoindre la commission ou simplement proposer votre aide ?<\/p>\n\n\n\n<p><a href=\"https:\/\/ciel31-handball.fr\/?page_id=1572\">Contactez nous<\/a><\/p>\n\n\n\n<p>H\u00e9sitez pas \u00e0 envoyer des photos ou d&rsquo;autres contenus \u00e0 l&rsquo;adresse suivante : photo.ciel31@gmail.com<\/p>\n","protected":false},"excerpt":{"rendered":"<p>La commission Communication comme le nom l&rsquo;indique a pout but de communiquer en externe sur les diff\u00e9rents \u00e9v\u00e8nements, r\u00e9sultats, actions du club. La commission est notamment en charge des r\u00e9seaux sociaux (Facebook &amp; Instagram) et du site interne. Vous souhaitez rejoindre la commission ou simplement proposer votre aide ? Contactez nous H\u00e9sitez pas \u00e0 envoyer &hellip; <\/p>\n<p class=\"link-more\"><a href=\"https:\/\/ciel31-handball.fr\/?page_id=2058\" class=\"more-link\">Continuer la lecture<span class=\"screen-reader-text\"> de &laquo;&nbsp;Commission communication&nbsp;&raquo;<\/span><\/a><\/p>\n","protected":false},"author":2,"featured_media":0,"parent":0,"menu_order":0,"comment_status":"closed","ping_status":"closed","template":"","meta":{"_eb_attr":"","footnotes":""},"folder":[39],"class_list":["post-2058","page","type-page","status-publish","hentry"],"_links":{"self":[{"href":"https:\/\/ciel31-handball.fr\/index.php?rest_route=\/wp\/v2\/pages\/2058","targetHints":{"allow":["GET"]}}],"collection":[{"href":"https:\/\/ciel31-handball.fr\/index.php?rest_route=\/wp\/v2\/pages"}],"about":[{"href":"https:\/\/ciel31-handball.fr\/index.php?rest_route=\/wp\/v2\/types\/page"}],"author":[{"embeddable":true,"href":"https:\/\/ciel31-handball.fr\/index.php?rest_route=\/wp\/v2\/users\/2"}],"replies":[{"embeddable":true,"href":"https:\/\/ciel31-handball.fr\/index.php?rest_route=%2Fwp%2Fv2%2Fcomments&post=2058"}],"version-history":[{"count":0,"href":"https:\/\/ciel31-handball.fr\/index.php?rest_route=\/wp\/v2\/pages\/2058\/revisions"}],"wp:attachment":[{"href":"https:\/\/ciel31-handball.fr\/index.php?rest_route=%2Fwp%2Fv2%2Fmedia&parent=2058"}],"wp:term":[{"taxonomy":"folder","embeddable":true,"href":"https:\/\/ciel31-handball.fr\/index.php?rest_route=%2Fwp%2Fv2%2Ffolder&post=2058"}],"curies":[{"name":"wp","href":"https:\/\/api.w.org\/{rel}","templated":true}]}}