{"id":2057,"date":"2020-11-11T15:17:05","date_gmt":"2020-11-11T14:17:05","guid":{"rendered":"https:\/\/ciel31-handball.fr\/?page_id=2057"},"modified":"2020-11-12T00:01:46","modified_gmt":"2020-11-11T23:01:46","slug":"commission-evenements","status":"publish","type":"page","link":"https:\/\/ciel31-handball.fr\/?page_id=2057","title":{"rendered":"Commission \u00e9v\u00e8nements"},"content":{"rendered":"\n<p>La commission \u00e9v\u00e8nement \u00e0 pour but d&rsquo;organiser (en concertation avec le bureau) les diff\u00e9rents \u00e9v\u00e8nements (Tournois, loto, repas&#8230;) du club tout au long de l&rsquo;ann\u00e9e.<\/p>\n\n\n\n<p>Vous souhaitez rejoindre la commission ou simplement proposer votre aide ? <\/p>\n\n\n\n<p><a href=\"https:\/\/ciel31-handball.fr\/?page_id=1572\">Contactez nous<\/a><\/p>\n\n\n\n<div class=\"wp-block-media-text alignwide is-stacked-on-mobile\" style=\"grid-template-columns:24% auto\"><figure class=\"wp-block-media-text__media\"><img decoding=\"async\" width=\"177\" height=\"174\" data-src=\"https:\/\/ciel31-handball.fr\/wp-content\/uploads\/2020\/11\/Marianne-Poirat.jpg\" alt=\"\" class=\"wp-image-2184 lazyload\" src=\"data:image\/svg+xml;base64,PHN2ZyB3aWR0aD0iMSIgaGVpZ2h0PSIxIiB4bWxucz0iaHR0cDovL3d3dy53My5vcmcvMjAwMC9zdmciPjwvc3ZnPg==\" style=\"--smush-placeholder-width: 177px; --smush-placeholder-aspect-ratio: 177\/174;\" \/><\/figure><div class=\"wp-block-media-text__content\">\n<h2 class=\"wp-block-heading\">Mariane Poirat<\/h2>\n\n\n\n<p>Responsable de la commission \u00e9v\u00e8nements<\/p>\n<\/div><\/div>\n\n\n\n<div class=\"wp-block-media-text alignwide is-stacked-on-mobile\" style=\"grid-template-columns:25% auto\"><figure class=\"wp-block-media-text__media\"><img decoding=\"async\" width=\"200\" height=\"200\" data-src=\"https:\/\/ciel31-handball.fr\/wp-content\/uploads\/2020\/11\/thomas-cruz.jpg\" alt=\"\" class=\"wp-image-1873 lazyload\" data-srcset=\"https:\/\/ciel31-handball.fr\/wp-content\/uploads\/2020\/11\/thomas-cruz.jpg 200w, https:\/\/ciel31-handball.fr\/wp-content\/uploads\/2020\/11\/thomas-cruz-100x100.jpg 100w, https:\/\/ciel31-handball.fr\/wp-content\/uploads\/2020\/11\/thomas-cruz-150x150.jpg 150w\" data-sizes=\"(max-width: 200px) 100vw, 200px\" src=\"data:image\/svg+xml;base64,PHN2ZyB3aWR0aD0iMSIgaGVpZ2h0PSIxIiB4bWxucz0iaHR0cDovL3d3dy53My5vcmcvMjAwMC9zdmciPjwvc3ZnPg==\" style=\"--smush-placeholder-width: 200px; --smush-placeholder-aspect-ratio: 200\/200;\" \/><\/figure><div class=\"wp-block-media-text__content\">\n<h2 class=\"wp-block-heading\">Thomas Cruz<\/h2>\n\n\n\n<p>Membre de la commission \u00e9v\u00e8nements<\/p>\n<\/div><\/div>\n\n\n\n<div class=\"wp-block-media-text alignwide is-stacked-on-mobile\" style=\"grid-template-columns:24% auto\"><figure class=\"wp-block-media-text__media\"><img decoding=\"async\" width=\"194\" height=\"184\" data-src=\"https:\/\/ciel31-handball.fr\/wp-content\/uploads\/2020\/11\/Vincent-Bozza.jpg\" alt=\"\" class=\"wp-image-2182 lazyload\" src=\"data:image\/svg+xml;base64,PHN2ZyB3aWR0aD0iMSIgaGVpZ2h0PSIxIiB4bWxucz0iaHR0cDovL3d3dy53My5vcmcvMjAwMC9zdmciPjwvc3ZnPg==\" style=\"--smush-placeholder-width: 194px; --smush-placeholder-aspect-ratio: 194\/184;\" \/><\/figure><div class=\"wp-block-media-text__content\">\n<h2 class=\"wp-block-heading\">Vincent Bozza<\/h2>\n\n\n\n<p>Membre de la commission \u00e9v\u00e8nements<\/p>\n<\/div><\/div>\n","protected":false},"excerpt":{"rendered":"<p>La commission \u00e9v\u00e8nement \u00e0 pour but d&rsquo;organiser (en concertation avec le bureau) les diff\u00e9rents \u00e9v\u00e8nements (Tournois, loto, repas&#8230;) du club tout au long de l&rsquo;ann\u00e9e. Vous souhaitez rejoindre la commission ou simplement proposer votre aide ? Contactez nous Mariane Poirat Responsable de la commission \u00e9v\u00e8nements Thomas Cruz Membre de la commission \u00e9v\u00e8nements Vincent Bozza Membre &hellip; <\/p>\n<p class=\"link-more\"><a href=\"https:\/\/ciel31-handball.fr\/?page_id=2057\" class=\"more-link\">Continuer la lecture<span class=\"screen-reader-text\"> de &laquo;&nbsp;Commission \u00e9v\u00e8nements&nbsp;&raquo;<\/span><\/a><\/p>\n","protected":false},"author":2,"featured_media":0,"parent":0,"menu_order":0,"comment_status":"closed","ping_status":"closed","template":"","meta":{"_eb_attr":"","footnotes":""},"folder":[39],"class_list":["post-2057","page","type-page","status-publish","hentry"],"_links":{"self":[{"href":"https:\/\/ciel31-handball.fr\/index.php?rest_route=\/wp\/v2\/pages\/2057","targetHints":{"allow":["GET"]}}],"collection":[{"href":"https:\/\/ciel31-handball.fr\/index.php?rest_route=\/wp\/v2\/pages"}],"about":[{"href":"https:\/\/ciel31-handball.fr\/index.php?rest_route=\/wp\/v2\/types\/page"}],"author":[{"embeddable":true,"href":"https:\/\/ciel31-handball.fr\/index.php?rest_route=\/wp\/v2\/users\/2"}],"replies":[{"embeddable":true,"href":"https:\/\/ciel31-handball.fr\/index.php?rest_route=%2Fwp%2Fv2%2Fcomments&post=2057"}],"version-history":[{"count":0,"href":"https:\/\/ciel31-handball.fr\/index.php?rest_route=\/wp\/v2\/pages\/2057\/revisions"}],"wp:attachment":[{"href":"https:\/\/ciel31-handball.fr\/index.php?rest_route=%2Fwp%2Fv2%2Fmedia&parent=2057"}],"wp:term":[{"taxonomy":"folder","embeddable":true,"href":"https:\/\/ciel31-handball.fr\/index.php?rest_route=%2Fwp%2Fv2%2Ffolder&post=2057"}],"curies":[{"name":"wp","href":"https:\/\/api.w.org\/{rel}","templated":true}]}}