{"id":1977,"date":"2020-11-10T14:23:52","date_gmt":"2020-11-10T13:23:52","guid":{"rendered":"https:\/\/ciel31-handball.fr\/?page_id=1977"},"modified":"2025-04-04T08:16:01","modified_gmt":"2025-04-04T06:16:01","slug":"presses-et-reseaux-sociaux","status":"publish","type":"page","link":"https:\/\/ciel31-handball.fr\/?page_id=1977","title":{"rendered":"Revue de presse"},"content":{"rendered":"\n<h1 class=\"wp-block-heading\"><strong>Ciel 31 : dos \u00e0 dos dans un derby intense<\/strong><\/h1>\n\n\n\n<p>Samedi 22\/03\/2025 : Un journ\u00e9e m\u00e9morable et le public pour jouer son r\u00f4le de 8\u1d49 homme en mettant une ambiance de folie !<\/p>\n\n\n\n<figure class=\"wp-block-image size-full\"><a href=\"https:\/\/www.ladepeche.fr\/2025\/03\/25\/hand-dos-a-dos-dans-un-derby-intense-12591880.php\"><img fetchpriority=\"high\" decoding=\"async\" width=\"885\" height=\"500\" src=\"https:\/\/ciel31-handball.fr\/wp-content\/uploads\/2025\/04\/la_depeche.jpg\" alt=\"\" class=\"wp-image-3601\" srcset=\"https:\/\/ciel31-handball.fr\/wp-content\/uploads\/2025\/04\/la_depeche.jpg 885w, https:\/\/ciel31-handball.fr\/wp-content\/uploads\/2025\/04\/la_depeche-250x141.jpg 250w, https:\/\/ciel31-handball.fr\/wp-content\/uploads\/2025\/04\/la_depeche-350x198.jpg 350w, https:\/\/ciel31-handball.fr\/wp-content\/uploads\/2025\/04\/la_depeche-300x169.jpg 300w, https:\/\/ciel31-handball.fr\/wp-content\/uploads\/2025\/04\/la_depeche-768x434.jpg 768w\" sizes=\"(max-width: 767px) 89vw, (max-width: 1000px) 54vw, (max-width: 1071px) 543px, 580px\" \/><\/a><\/figure>\n\n\n\n<p>Article paru sur <strong><a href=\"https:\/\/www.ladepeche.fr\/2025\/03\/25\/hand-dos-a-dos-dans-un-derby-intense-12591880.php\">La d\u00e9p\u00eache<\/a><\/strong><\/p>\n\n\n\n<p><\/p>\n\n\n\n<p><a rel=\"noreferrer noopener\" href=\"https:\/\/lejournaldugers.fr\/article\/44858-handball-tous-motives\" target=\"_blank\">06\/10\/2020, Le journal du Gers : SG1 contre les c\u00f4teaux du Gers<\/a><\/p>\n\n\n<div class=\"wp-block-image is-resized\">\n<figure class=\"alignleft size-large\"><a href=\"https:\/\/lejournaldugers.fr\/article\/44858-handball-tous-motives\" target=\"_blank\" rel=\"noopener noreferrer\"><img decoding=\"async\" width=\"1024\" height=\"684\" data-src=\"https:\/\/ciel31-handball.fr\/wp-content\/uploads\/2020\/11\/Capture-1024x684.jpg\" alt=\"\" class=\"wp-image-2048 lazyload\" data-srcset=\"https:\/\/ciel31-handball.fr\/wp-content\/uploads\/2020\/11\/Capture-1024x684.jpg 1024w, https:\/\/ciel31-handball.fr\/wp-content\/uploads\/2020\/11\/Capture-250x167.jpg 250w, https:\/\/ciel31-handball.fr\/wp-content\/uploads\/2020\/11\/Capture-350x234.jpg 350w, https:\/\/ciel31-handball.fr\/wp-content\/uploads\/2020\/11\/Capture-300x200.jpg 300w, https:\/\/ciel31-handball.fr\/wp-content\/uploads\/2020\/11\/Capture-768x513.jpg 768w, https:\/\/ciel31-handball.fr\/wp-content\/uploads\/2020\/11\/Capture.jpg 1351w\" data-sizes=\"(max-width: 767px) 89vw, (max-width: 1000px) 54vw, (max-width: 1071px) 543px, 580px\" src=\"data:image\/svg+xml;base64,PHN2ZyB3aWR0aD0iMSIgaGVpZ2h0PSIxIiB4bWxucz0iaHR0cDovL3d3dy53My5vcmcvMjAwMC9zdmciPjwvc3ZnPg==\" style=\"--smush-placeholder-width: 1024px; --smush-placeholder-aspect-ratio: 1024\/684;\" \/><\/a><figcaption class=\"wp-element-caption\">                      .<\/figcaption><\/figure>\n<\/div>\n\n\n<p><\/p>\n\n\n\n<p><a rel=\"noreferrer noopener\" href=\"https:\/\/www.ladepeche.fr\/article\/2016\/02\/05\/2270532-handball-une-convention-avec-le-sport-adapte.html\" target=\"_blank\">05\/02\/2016, La D\u00e9p\u00eache : Une convention avec le sport adapt\u00e9<\/a><\/p>\n\n\n\n<figure class=\"wp-block-image size-large is-resized\"><a href=\"https:\/\/www.ladepeche.fr\/article\/2016\/02\/05\/2270532-handball-une-convention-avec-le-sport-adapte.html\" target=\"_blank\" rel=\"noopener noreferrer\"><img decoding=\"async\" width=\"1024\" height=\"569\" data-src=\"https:\/\/ciel31-handball.fr\/wp-content\/uploads\/2020\/11\/Capture-1-1024x569.jpg\" alt=\"\" class=\"wp-image-2051 lazyload\" style=\"--smush-placeholder-width: 1024px; --smush-placeholder-aspect-ratio: 1024\/569;width:652px;height:362px\" data-srcset=\"https:\/\/ciel31-handball.fr\/wp-content\/uploads\/2020\/11\/Capture-1-1024x569.jpg 1024w, https:\/\/ciel31-handball.fr\/wp-content\/uploads\/2020\/11\/Capture-1-250x139.jpg 250w, https:\/\/ciel31-handball.fr\/wp-content\/uploads\/2020\/11\/Capture-1-350x194.jpg 350w, https:\/\/ciel31-handball.fr\/wp-content\/uploads\/2020\/11\/Capture-1-300x167.jpg 300w, https:\/\/ciel31-handball.fr\/wp-content\/uploads\/2020\/11\/Capture-1-768x426.jpg 768w, https:\/\/ciel31-handball.fr\/wp-content\/uploads\/2020\/11\/Capture-1.jpg 1158w\" data-sizes=\"(max-width: 767px) 89vw, (max-width: 1000px) 54vw, (max-width: 1071px) 543px, 580px\" src=\"data:image\/svg+xml;base64,PHN2ZyB3aWR0aD0iMSIgaGVpZ2h0PSIxIiB4bWxucz0iaHR0cDovL3d3dy53My5vcmcvMjAwMC9zdmciPjwvc3ZnPg==\" \/><\/a><\/figure>\n","protected":false},"excerpt":{"rendered":"<p>Ciel 31 : dos \u00e0 dos dans un derby intense Samedi 22\/03\/2025 : Un journ\u00e9e m\u00e9morable et le public pour jouer son r\u00f4le de 8\u1d49 homme en mettant une ambiance de folie ! Article paru sur La d\u00e9p\u00eache 06\/10\/2020, Le journal du Gers : SG1 contre les c\u00f4teaux du Gers 05\/02\/2016, La D\u00e9p\u00eache : Une &hellip; <\/p>\n<p class=\"link-more\"><a href=\"https:\/\/ciel31-handball.fr\/?page_id=1977\" class=\"more-link\">Continuer la lecture<span class=\"screen-reader-text\"> de &laquo;&nbsp;Revue de presse&nbsp;&raquo;<\/span><\/a><\/p>\n","protected":false},"author":2,"featured_media":0,"parent":0,"menu_order":0,"comment_status":"open","ping_status":"closed","template":"","meta":{"_eb_attr":"","footnotes":""},"folder":[45],"class_list":["post-1977","page","type-page","status-publish","hentry"],"_links":{"self":[{"href":"https:\/\/ciel31-handball.fr\/index.php?rest_route=\/wp\/v2\/pages\/1977","targetHints":{"allow":["GET"]}}],"collection":[{"href":"https:\/\/ciel31-handball.fr\/index.php?rest_route=\/wp\/v2\/pages"}],"about":[{"href":"https:\/\/ciel31-handball.fr\/index.php?rest_route=\/wp\/v2\/types\/page"}],"author":[{"embeddable":true,"href":"https:\/\/ciel31-handball.fr\/index.php?rest_route=\/wp\/v2\/users\/2"}],"replies":[{"embeddable":true,"href":"https:\/\/ciel31-handball.fr\/index.php?rest_route=%2Fwp%2Fv2%2Fcomments&post=1977"}],"version-history":[{"count":0,"href":"https:\/\/ciel31-handball.fr\/index.php?rest_route=\/wp\/v2\/pages\/1977\/revisions"}],"wp:attachment":[{"href":"https:\/\/ciel31-handball.fr\/index.php?rest_route=%2Fwp%2Fv2%2Fmedia&parent=1977"}],"wp:term":[{"taxonomy":"folder","embeddable":true,"href":"https:\/\/ciel31-handball.fr\/index.php?rest_route=%2Fwp%2Fv2%2Ffolder&post=1977"}],"curies":[{"name":"wp","href":"https:\/\/api.w.org\/{rel}","templated":true}]}}