{"id":1721,"date":"2020-11-01T16:44:04","date_gmt":"2020-11-01T15:44:04","guid":{"rendered":"https:\/\/ciel31-handball.fr\/?page_id=1721"},"modified":"2025-09-14T16:52:36","modified_gmt":"2025-09-14T14:52:36","slug":"senior-m-1","status":"publish","type":"page","link":"https:\/\/ciel31-handball.fr\/?page_id=1721","title":{"rendered":"Seniors M Equipe 1 &amp; 2 (2007 et avant)"},"content":{"rendered":"\n<h1 class=\"wp-block-heading\">Equipe 1 : R\u00e9gion Excellence<\/h1>\n\n\n\n<div class=\"wp-block-media-text alignwide is-stacked-on-mobile\" style=\"grid-template-columns:29% auto\"><figure class=\"wp-block-media-text__media\"><\/figure><div class=\"wp-block-media-text__content\">\n<p>Entra\u00eeneur : <br> \u2002<strong>Frederic Galinier<\/strong><br> <br>Entra\u00eenements :<br> \u2002Mardi 20h30-22h30<br> \u2002Gymnase Jean Cassan, Place de l&rsquo;enclos, Escalquens <br> <br> \u2002Jeudi 21h00-22h30<br> \u2002Gymnase Europe, Lab\u00e8ge<\/p>\n<\/div><\/div>\n\n\n\n<div class=\"wp-block-buttons is-layout-flex wp-block-buttons-is-layout-flex\">\n<div class=\"wp-block-button\"><a class=\"wp-block-button__link wp-element-button\" href=\"https:\/\/www.ffhandball.fr\/competitions\/saison-2025-2026-21\/\" target=\"_blank\" rel=\"noreferrer noopener\">Lien vers le championnat sur le site de la F\u00e9d\u00e9ration <\/a><\/div>\n<\/div>\n\n\n<div class=\"scorenco-widget\" data-widget-type=\"team\" data-widget-id=\"135955\" style=\"background: #F2F5F9; height: 500px; display: flex; align-items: center; justify-content: center; flex-direction: column;text-transform: uppercase; font-family: sans-serif; font-weight: bolder; gap: 9px; color:#1E457B;\">\n<div class=\"ldsdr\"><\/div>\n<p>  Score&rsquo;n&rsquo;co &#8211; Club Inter Communal Escalquens Labege 31\n  <\/p><\/div>\n<style>.ldsdr{display:inline-block;width:80px;height:80px}.ldsdr:after{content:\" \";display:block;width:64px;height:64px;margin:8px;border-radius:50%;border:6px solid #1E457B;border-color:#1E457B transparent;animation:ldsdr 1.2s linear infinite}@keyframes ldsdr{0%{transform:rotate(0deg)}100%{transform:rotate(360deg)}}<\/style>\n<p>  <script async defer src=\"https:\/\/widgets.scorenco.com\/host\/widgets.js\"><\/script><\/p>\n\n\n\n<h1 class=\"wp-block-heading\">Equipe 2: Championnat d\u00e9partemental<\/h1>\n\n\n\n<div class=\"wp-block-media-text alignwide is-stacked-on-mobile\" style=\"grid-template-columns:29% auto\"><figure class=\"wp-block-media-text__media\"><\/figure><div class=\"wp-block-media-text__content\">\n<p>Entra\u00eeneur :<br> \u2002<strong>Vincent Isard<\/strong><br> <br>Entra\u00eenements :<br> \u2002Mardi 20h30-22h30<br>\u2002Gymnase Jean Cassan, Place de l&rsquo;enclos, Escalquens<br> <br> \u2002Jeudi 21h00-22h30<br> \u2002Gymnase Europe, Lab\u00e8ge<\/p>\n<\/div><\/div>\n\n\n\n<div class=\"wp-block-buttons is-layout-flex wp-block-buttons-is-layout-flex\">\n<div class=\"wp-block-button\"><a class=\"wp-block-button__link wp-element-button\" href=\"https:\/\/www.ffhandball.fr\/competitions\/saison-2025-2026-21\/\" target=\"_blank\" rel=\"noreferrer noopener\">Lien vers le championnat sur le site de la F\u00e9d\u00e9ration <\/a><\/div>\n<\/div>\n\n\n<div class=\"scorenco-widget\" data-widget-type=\"team\" data-widget-id=\"135956\" style=\"background: #F2F5F9; height: 500px; display: flex; align-items: center; justify-content: center; flex-direction: column;text-transform: uppercase; font-family: sans-serif; font-weight: bolder; gap: 9px; color:#1E457B;\">\n<div class=\"ldsdr\"><\/div>\n<p>  Score&rsquo;n&rsquo;co &#8211; Club Inter Communal Escalquens Labege 31\n  <\/p><\/div>\n<style>.ldsdr{display:inline-block;width:80px;height:80px}.ldsdr:after{content:\" \";display:block;width:64px;height:64px;margin:8px;border-radius:50%;border:6px solid #1E457B;border-color:#1E457B transparent;animation:ldsdr 1.2s linear infinite}@keyframes ldsdr{0%{transform:rotate(0deg)}100%{transform:rotate(360deg)}}<\/style>\n<p>  <script async defer src=\"https:\/\/widgets.scorenco.com\/host\/widgets.js\"><\/script><\/p>\n","protected":false},"excerpt":{"rendered":"<p>Equipe 1 : R\u00e9gion Excellence Entra\u00eeneur : \u2002Frederic Galinier Entra\u00eenements : \u2002Mardi 20h30-22h30 \u2002Gymnase Jean Cassan, Place de l&rsquo;enclos, Escalquens \u2002Jeudi 21h00-22h30 \u2002Gymnase Europe, Lab\u00e8ge Equipe 2: Championnat d\u00e9partemental Entra\u00eeneur : \u2002Vincent Isard Entra\u00eenements : \u2002Mardi 20h30-22h30\u2002Gymnase Jean Cassan, Place de l&rsquo;enclos, Escalquens \u2002Jeudi 21h00-22h30 \u2002Gymnase Europe, Lab\u00e8ge<\/p>\n","protected":false},"author":2,"featured_media":0,"parent":0,"menu_order":0,"comment_status":"closed","ping_status":"closed","template":"","meta":{"_eb_attr":"","footnotes":""},"folder":[40],"class_list":["post-1721","page","type-page","status-publish","hentry"],"_links":{"self":[{"href":"https:\/\/ciel31-handball.fr\/index.php?rest_route=\/wp\/v2\/pages\/1721","targetHints":{"allow":["GET"]}}],"collection":[{"href":"https:\/\/ciel31-handball.fr\/index.php?rest_route=\/wp\/v2\/pages"}],"about":[{"href":"https:\/\/ciel31-handball.fr\/index.php?rest_route=\/wp\/v2\/types\/page"}],"author":[{"embeddable":true,"href":"https:\/\/ciel31-handball.fr\/index.php?rest_route=\/wp\/v2\/users\/2"}],"replies":[{"embeddable":true,"href":"https:\/\/ciel31-handball.fr\/index.php?rest_route=%2Fwp%2Fv2%2Fcomments&post=1721"}],"version-history":[{"count":0,"href":"https:\/\/ciel31-handball.fr\/index.php?rest_route=\/wp\/v2\/pages\/1721\/revisions"}],"wp:attachment":[{"href":"https:\/\/ciel31-handball.fr\/index.php?rest_route=%2Fwp%2Fv2%2Fmedia&parent=1721"}],"wp:term":[{"taxonomy":"folder","embeddable":true,"href":"https:\/\/ciel31-handball.fr\/index.php?rest_route=%2Fwp%2Fv2%2Ffolder&post=1721"}],"curies":[{"name":"wp","href":"https:\/\/api.w.org\/{rel}","templated":true}]}}