{"id":1609,"date":"2020-10-30T20:36:44","date_gmt":"2020-10-30T19:36:44","guid":{"rendered":"https:\/\/ciel31-handball.fr\/?page_id=1609"},"modified":"2025-08-30T12:57:18","modified_gmt":"2025-08-30T10:57:18","slug":"equipe-dirigeante","status":"publish","type":"page","link":"https:\/\/ciel31-handball.fr\/?page_id=1609","title":{"rendered":"Bureau &#038; Conseil d&rsquo;Administration"},"content":{"rendered":"\n<div class=\"wp-block-media-text alignwide is-stacked-on-mobile\" style=\"grid-template-columns:51% auto\"><figure class=\"wp-block-media-text__media\"><img decoding=\"async\" width=\"200\" height=\"200\" data-src=\"https:\/\/ciel31-handball.fr\/wp-content\/uploads\/2025\/03\/neutre-1.png\" alt=\"\" class=\"wp-image-3597 size-full lazyload\" data-srcset=\"https:\/\/ciel31-handball.fr\/wp-content\/uploads\/2025\/03\/neutre-1.png 200w, https:\/\/ciel31-handball.fr\/wp-content\/uploads\/2025\/03\/neutre-1-100x100.png 100w, https:\/\/ciel31-handball.fr\/wp-content\/uploads\/2025\/03\/neutre-1-150x150.png 150w\" data-sizes=\"(max-width: 200px) 100vw, 200px\" src=\"data:image\/svg+xml;base64,PHN2ZyB3aWR0aD0iMSIgaGVpZ2h0PSIxIiB4bWxucz0iaHR0cDovL3d3dy53My5vcmcvMjAwMC9zdmciPjwvc3ZnPg==\" style=\"--smush-placeholder-width: 200px; --smush-placeholder-aspect-ratio: 200\/200;\" \/><\/figure><div class=\"wp-block-media-text__content\">\n<div class=\"wp-block-group is-vertical is-content-justification-left is-layout-flex wp-container-core-group-is-layout-c0ca7d81 wp-block-group-is-layout-flex\">\n<h2 class=\"wp-block-heading has-text-align-left\"><strong>Demba Ciss\u00e9<\/strong><\/h2>\n\n\n\n<p class=\"has-text-align-left\"><em>Pr\u00e9sident<\/em><\/p>\n\n\n\n<p class=\"has-text-align-left has-small-font-size\">06 44 72 61 37<\/p>\n<\/div>\n<\/div><\/div>\n\n\n\n<div class=\"wp-block-columns is-layout-flex wp-container-core-columns-is-layout-9d6595d7 wp-block-columns-is-layout-flex\">\n<div class=\"wp-block-column is-layout-flow wp-block-column-is-layout-flow\" style=\"flex-basis:100%\">\n<div class=\"wp-block-group is-layout-grid wp-container-core-group-is-layout-9649a0d9 wp-block-group-is-layout-grid\">\n<div class=\"wp-block-group alignwide\"><div class=\"wp-block-group__inner-container is-layout-constrained wp-block-group-is-layout-constrained\">\n<div class=\"wp-block-cover alignwide is-light\"><img decoding=\"async\" width=\"200\" height=\"200\" class=\"wp-block-cover__image-background wp-image-3597 size-full lazyload\" alt=\"\" data-src=\"https:\/\/ciel31-handball.fr\/wp-content\/uploads\/2025\/03\/neutre-1.png\" data-object-fit=\"cover\" data-srcset=\"https:\/\/ciel31-handball.fr\/wp-content\/uploads\/2025\/03\/neutre-1.png 200w, https:\/\/ciel31-handball.fr\/wp-content\/uploads\/2025\/03\/neutre-1-100x100.png 100w, https:\/\/ciel31-handball.fr\/wp-content\/uploads\/2025\/03\/neutre-1-150x150.png 150w\" data-sizes=\"(max-width: 200px) 100vw, 200px\" src=\"data:image\/svg+xml;base64,PHN2ZyB3aWR0aD0iMSIgaGVpZ2h0PSIxIiB4bWxucz0iaHR0cDovL3d3dy53My5vcmcvMjAwMC9zdmciPjwvc3ZnPg==\" style=\"--smush-placeholder-width: 200px; --smush-placeholder-aspect-ratio: 200\/200;\" \/><span aria-hidden=\"true\" class=\"wp-block-cover__background has-background-dim\" style=\"background-color:#cecece\"><\/span><div class=\"wp-block-cover__inner-container is-layout-flow wp-block-cover-is-layout-flow\">\n<h2 class=\"wp-block-heading\"><strong><br><br><br><br><br><br><br><br><br><br><br><mark style=\"background-color:rgba(0, 0, 0, 0)\" class=\"has-inline-color has-white-color\">Thibault<br>Galinier<\/mark><\/strong><\/h2>\n\n\n\n<p><mark style=\"background-color:rgba(0, 0, 0, 0)\" class=\"has-inline-color has-white-color\">Vice-Pr\u00e9sident<\/mark><\/p>\n<\/div><\/div>\n<\/div><\/div>\n\n\n\n<div class=\"wp-block-group alignwide\"><div class=\"wp-block-group__inner-container is-layout-constrained wp-block-group-is-layout-constrained\">\n<div class=\"wp-block-cover alignwide is-light\"><img decoding=\"async\" width=\"200\" height=\"200\" class=\"wp-block-cover__image-background wp-image-3597 lazyload\" alt=\"\" data-src=\"https:\/\/ciel31-handball.fr\/wp-content\/uploads\/2025\/03\/neutre-1.png\" data-object-fit=\"cover\" data-srcset=\"https:\/\/ciel31-handball.fr\/wp-content\/uploads\/2025\/03\/neutre-1.png 200w, https:\/\/ciel31-handball.fr\/wp-content\/uploads\/2025\/03\/neutre-1-100x100.png 100w, https:\/\/ciel31-handball.fr\/wp-content\/uploads\/2025\/03\/neutre-1-150x150.png 150w\" data-sizes=\"(max-width: 200px) 100vw, 200px\" src=\"data:image\/svg+xml;base64,PHN2ZyB3aWR0aD0iMSIgaGVpZ2h0PSIxIiB4bWxucz0iaHR0cDovL3d3dy53My5vcmcvMjAwMC9zdmciPjwvc3ZnPg==\" style=\"--smush-placeholder-width: 200px; --smush-placeholder-aspect-ratio: 200\/200;\" \/><span aria-hidden=\"true\" class=\"wp-block-cover__background has-background-dim\" style=\"background-color:#cecece\"><\/span><div class=\"wp-block-cover__inner-container is-layout-flow wp-block-cover-is-layout-flow\">\n<h2 class=\"wp-block-heading\"><strong><br><br><br><br><br><br><br><br><br><br><br><mark style=\"background-color:rgba(0, 0, 0, 0)\" class=\"has-inline-color has-white-color\"><strong><mark style=\"background-color:rgba(0, 0, 0, 0)\" class=\"has-inline-color has-white-color\">Myriam De Carvalho<\/mark><\/strong><\/mark><\/strong><\/h2>\n\n\n\n<p><mark style=\"background-color:rgba(0, 0, 0, 0)\" class=\"has-inline-color has-white-color\">Secr\u00e9taire<\/mark><\/p>\n<\/div><\/div>\n<\/div><\/div>\n\n\n\n<div class=\"wp-block-group alignwide\"><div class=\"wp-block-group__inner-container is-layout-constrained wp-block-group-is-layout-constrained\">\n<div class=\"wp-block-cover alignwide is-light\"><img decoding=\"async\" width=\"200\" height=\"200\" class=\"wp-block-cover__image-background wp-image-3597 size-full lazyload\" alt=\"\" data-src=\"https:\/\/ciel31-handball.fr\/wp-content\/uploads\/2025\/03\/neutre-1.png\" data-object-fit=\"cover\" data-srcset=\"https:\/\/ciel31-handball.fr\/wp-content\/uploads\/2025\/03\/neutre-1.png 200w, https:\/\/ciel31-handball.fr\/wp-content\/uploads\/2025\/03\/neutre-1-100x100.png 100w, https:\/\/ciel31-handball.fr\/wp-content\/uploads\/2025\/03\/neutre-1-150x150.png 150w\" data-sizes=\"(max-width: 200px) 100vw, 200px\" src=\"data:image\/svg+xml;base64,PHN2ZyB3aWR0aD0iMSIgaGVpZ2h0PSIxIiB4bWxucz0iaHR0cDovL3d3dy53My5vcmcvMjAwMC9zdmciPjwvc3ZnPg==\" style=\"--smush-placeholder-width: 200px; --smush-placeholder-aspect-ratio: 200\/200;\" \/><span aria-hidden=\"true\" class=\"wp-block-cover__background has-background-dim\" style=\"background-color:#cecece\"><\/span><div class=\"wp-block-cover__inner-container is-layout-flow wp-block-cover-is-layout-flow\">\n<h2 class=\"wp-block-heading\"><strong><br><br><br><br><br><br><br><br><br><br><br><mark style=\"background-color:rgba(0, 0, 0, 0)\" class=\"has-inline-color has-white-color\">Elisabeth<br>Coiffard<\/mark><\/strong><\/h2>\n\n\n\n<p><mark style=\"background-color:rgba(0, 0, 0, 0)\" class=\"has-inline-color has-white-color\">Tr\u00e9sori\u00e8re<\/mark><\/p>\n<\/div><\/div>\n<\/div><\/div>\n<\/div>\n<\/div>\n<\/div>\n\n\n\n<div class=\"wp-block-columns is-layout-flex wp-container-core-columns-is-layout-9d6595d7 wp-block-columns-is-layout-flex\">\n<div class=\"wp-block-column is-layout-flow wp-block-column-is-layout-flow\">\n<div class=\"wp-block-media-text alignwide is-stacked-on-mobile is-vertically-aligned-top\" style=\"grid-template-columns:33% auto\"><figure class=\"wp-block-media-text__media\"><img decoding=\"async\" width=\"200\" height=\"200\" data-src=\"https:\/\/ciel31-handball.fr\/wp-content\/uploads\/2025\/03\/neutre-1.png\" alt=\"\" class=\"wp-image-3597 size-full lazyload\" data-srcset=\"https:\/\/ciel31-handball.fr\/wp-content\/uploads\/2025\/03\/neutre-1.png 200w, https:\/\/ciel31-handball.fr\/wp-content\/uploads\/2025\/03\/neutre-1-100x100.png 100w, https:\/\/ciel31-handball.fr\/wp-content\/uploads\/2025\/03\/neutre-1-150x150.png 150w\" data-sizes=\"(max-width: 200px) 100vw, 200px\" src=\"data:image\/svg+xml;base64,PHN2ZyB3aWR0aD0iMSIgaGVpZ2h0PSIxIiB4bWxucz0iaHR0cDovL3d3dy53My5vcmcvMjAwMC9zdmciPjwvc3ZnPg==\" style=\"--smush-placeholder-width: 200px; --smush-placeholder-aspect-ratio: 200\/200;\" \/><\/figure><div class=\"wp-block-media-text__content\">\n<h2 class=\"wp-block-heading\"><strong>Patrice <br>Scansani<\/strong><\/h2>\n\n\n\n<p>Membre du CA <\/p>\n<\/div><\/div>\n\n\n\n<div class=\"wp-block-media-text alignwide is-stacked-on-mobile is-vertically-aligned-top\" style=\"grid-template-columns:33% auto\"><figure class=\"wp-block-media-text__media\"><img decoding=\"async\" width=\"200\" height=\"200\" data-src=\"https:\/\/ciel31-handball.fr\/wp-content\/uploads\/2025\/03\/neutre-1.png\" alt=\"\" class=\"wp-image-3597 size-full lazyload\" data-srcset=\"https:\/\/ciel31-handball.fr\/wp-content\/uploads\/2025\/03\/neutre-1.png 200w, https:\/\/ciel31-handball.fr\/wp-content\/uploads\/2025\/03\/neutre-1-100x100.png 100w, https:\/\/ciel31-handball.fr\/wp-content\/uploads\/2025\/03\/neutre-1-150x150.png 150w\" data-sizes=\"(max-width: 200px) 100vw, 200px\" src=\"data:image\/svg+xml;base64,PHN2ZyB3aWR0aD0iMSIgaGVpZ2h0PSIxIiB4bWxucz0iaHR0cDovL3d3dy53My5vcmcvMjAwMC9zdmciPjwvc3ZnPg==\" style=\"--smush-placeholder-width: 200px; --smush-placeholder-aspect-ratio: 200\/200;\" \/><\/figure><div class=\"wp-block-media-text__content\">\n<h2 class=\"wp-block-heading\"><strong>Damien <\/strong><br><strong>Gellet<\/strong><\/h2>\n\n\n\n<p>Membre du CA<\/p>\n<\/div><\/div>\n\n\n\n<div class=\"wp-block-media-text alignwide is-stacked-on-mobile is-vertically-aligned-top\" style=\"grid-template-columns:33% auto\"><figure class=\"wp-block-media-text__media\"><img decoding=\"async\" width=\"200\" height=\"200\" data-src=\"https:\/\/ciel31-handball.fr\/wp-content\/uploads\/2025\/03\/neutre-1.png\" alt=\"\" class=\"wp-image-3597 size-full lazyload\" data-srcset=\"https:\/\/ciel31-handball.fr\/wp-content\/uploads\/2025\/03\/neutre-1.png 200w, https:\/\/ciel31-handball.fr\/wp-content\/uploads\/2025\/03\/neutre-1-100x100.png 100w, https:\/\/ciel31-handball.fr\/wp-content\/uploads\/2025\/03\/neutre-1-150x150.png 150w\" data-sizes=\"(max-width: 200px) 100vw, 200px\" src=\"data:image\/svg+xml;base64,PHN2ZyB3aWR0aD0iMSIgaGVpZ2h0PSIxIiB4bWxucz0iaHR0cDovL3d3dy53My5vcmcvMjAwMC9zdmciPjwvc3ZnPg==\" style=\"--smush-placeholder-width: 200px; --smush-placeholder-aspect-ratio: 200\/200;\" \/><\/figure><div class=\"wp-block-media-text__content\">\n<h2 class=\"wp-block-heading\"><strong>Emilie <\/strong><br><strong>Gellet<\/strong><\/h2>\n\n\n\n<p>Membre du CA<\/p>\n<\/div><\/div>\n\n\n\n<div class=\"wp-block-media-text alignwide is-stacked-on-mobile is-vertically-aligned-top\" style=\"grid-template-columns:33% auto\"><figure class=\"wp-block-media-text__media\"><img decoding=\"async\" width=\"200\" height=\"200\" data-src=\"https:\/\/ciel31-handball.fr\/wp-content\/uploads\/2025\/03\/neutre-1.png\" alt=\"\" class=\"wp-image-3597 size-full lazyload\" data-srcset=\"https:\/\/ciel31-handball.fr\/wp-content\/uploads\/2025\/03\/neutre-1.png 200w, https:\/\/ciel31-handball.fr\/wp-content\/uploads\/2025\/03\/neutre-1-100x100.png 100w, https:\/\/ciel31-handball.fr\/wp-content\/uploads\/2025\/03\/neutre-1-150x150.png 150w\" data-sizes=\"(max-width: 200px) 100vw, 200px\" src=\"data:image\/svg+xml;base64,PHN2ZyB3aWR0aD0iMSIgaGVpZ2h0PSIxIiB4bWxucz0iaHR0cDovL3d3dy53My5vcmcvMjAwMC9zdmciPjwvc3ZnPg==\" style=\"--smush-placeholder-width: 200px; --smush-placeholder-aspect-ratio: 200\/200;\" \/><\/figure><div class=\"wp-block-media-text__content\">\n<h2 class=\"wp-block-heading\"><strong>Corinne <\/strong><br><strong>Tavera<\/strong><\/h2>\n\n\n\n<p>Membre du CA <\/p>\n<\/div><\/div>\n\n\n\n<div class=\"wp-block-media-text alignwide is-stacked-on-mobile is-vertically-aligned-top\" style=\"grid-template-columns:33% auto\"><figure class=\"wp-block-media-text__media\"><img decoding=\"async\" width=\"200\" height=\"200\" data-src=\"https:\/\/ciel31-handball.fr\/wp-content\/uploads\/2025\/03\/neutre-1.png\" alt=\"\" class=\"wp-image-3597 size-full lazyload\" data-srcset=\"https:\/\/ciel31-handball.fr\/wp-content\/uploads\/2025\/03\/neutre-1.png 200w, https:\/\/ciel31-handball.fr\/wp-content\/uploads\/2025\/03\/neutre-1-100x100.png 100w, https:\/\/ciel31-handball.fr\/wp-content\/uploads\/2025\/03\/neutre-1-150x150.png 150w\" data-sizes=\"(max-width: 200px) 100vw, 200px\" src=\"data:image\/svg+xml;base64,PHN2ZyB3aWR0aD0iMSIgaGVpZ2h0PSIxIiB4bWxucz0iaHR0cDovL3d3dy53My5vcmcvMjAwMC9zdmciPjwvc3ZnPg==\" style=\"--smush-placeholder-width: 200px; --smush-placeholder-aspect-ratio: 200\/200;\" \/><\/figure><div class=\"wp-block-media-text__content\">\n<h2 class=\"wp-block-heading\"><strong>Fr\u00e9d\u00e9ric<br>Galinier<\/strong> <\/h2>\n\n\n\n<p>Membre du CA <\/p>\n<\/div><\/div>\n<\/div>\n\n\n\n<div class=\"wp-block-column is-vertically-aligned-top is-layout-flow wp-block-column-is-layout-flow\">\n<div class=\"wp-block-media-text alignwide is-stacked-on-mobile is-vertically-aligned-top\" style=\"grid-template-columns:33% auto\"><figure class=\"wp-block-media-text__media\"><img decoding=\"async\" width=\"200\" height=\"200\" data-src=\"https:\/\/ciel31-handball.fr\/wp-content\/uploads\/2025\/03\/neutre-1.png\" alt=\"\" class=\"wp-image-3597 size-full lazyload\" data-srcset=\"https:\/\/ciel31-handball.fr\/wp-content\/uploads\/2025\/03\/neutre-1.png 200w, https:\/\/ciel31-handball.fr\/wp-content\/uploads\/2025\/03\/neutre-1-100x100.png 100w, https:\/\/ciel31-handball.fr\/wp-content\/uploads\/2025\/03\/neutre-1-150x150.png 150w\" data-sizes=\"(max-width: 200px) 100vw, 200px\" src=\"data:image\/svg+xml;base64,PHN2ZyB3aWR0aD0iMSIgaGVpZ2h0PSIxIiB4bWxucz0iaHR0cDovL3d3dy53My5vcmcvMjAwMC9zdmciPjwvc3ZnPg==\" style=\"--smush-placeholder-width: 200px; --smush-placeholder-aspect-ratio: 200\/200;\" \/><\/figure><div class=\"wp-block-media-text__content\">\n<h2 class=\"wp-block-heading\"><strong>M\u00e9lanie<br>Berges<\/strong><\/h2>\n\n\n\n<p>Membre du CA<\/p>\n<\/div><\/div>\n\n\n\n<div class=\"wp-block-media-text alignwide is-stacked-on-mobile is-vertically-aligned-top\" style=\"grid-template-columns:33% auto\"><figure class=\"wp-block-media-text__media\"><img decoding=\"async\" width=\"200\" height=\"200\" data-src=\"https:\/\/ciel31-handball.fr\/wp-content\/uploads\/2025\/03\/neutre-1.png\" alt=\"\" class=\"wp-image-3597 size-full lazyload\" data-srcset=\"https:\/\/ciel31-handball.fr\/wp-content\/uploads\/2025\/03\/neutre-1.png 200w, https:\/\/ciel31-handball.fr\/wp-content\/uploads\/2025\/03\/neutre-1-100x100.png 100w, https:\/\/ciel31-handball.fr\/wp-content\/uploads\/2025\/03\/neutre-1-150x150.png 150w\" data-sizes=\"(max-width: 200px) 100vw, 200px\" src=\"data:image\/svg+xml;base64,PHN2ZyB3aWR0aD0iMSIgaGVpZ2h0PSIxIiB4bWxucz0iaHR0cDovL3d3dy53My5vcmcvMjAwMC9zdmciPjwvc3ZnPg==\" style=\"--smush-placeholder-width: 200px; --smush-placeholder-aspect-ratio: 200\/200;\" \/><\/figure><div class=\"wp-block-media-text__content\">\n<h2 class=\"wp-block-heading\"><strong>Moustakima<\/strong><br><strong>Maore<\/strong><\/h2>\n\n\n\n<p>Membre du CA <\/p>\n<\/div><\/div>\n\n\n\n<div class=\"wp-block-media-text alignwide is-stacked-on-mobile is-vertically-aligned-top\" style=\"grid-template-columns:33% auto\"><figure class=\"wp-block-media-text__media\"><img decoding=\"async\" width=\"200\" height=\"200\" data-src=\"https:\/\/ciel31-handball.fr\/wp-content\/uploads\/2025\/03\/neutre-1.png\" alt=\"\" class=\"wp-image-3597 size-full lazyload\" data-srcset=\"https:\/\/ciel31-handball.fr\/wp-content\/uploads\/2025\/03\/neutre-1.png 200w, https:\/\/ciel31-handball.fr\/wp-content\/uploads\/2025\/03\/neutre-1-100x100.png 100w, https:\/\/ciel31-handball.fr\/wp-content\/uploads\/2025\/03\/neutre-1-150x150.png 150w\" data-sizes=\"(max-width: 200px) 100vw, 200px\" src=\"data:image\/svg+xml;base64,PHN2ZyB3aWR0aD0iMSIgaGVpZ2h0PSIxIiB4bWxucz0iaHR0cDovL3d3dy53My5vcmcvMjAwMC9zdmciPjwvc3ZnPg==\" style=\"--smush-placeholder-width: 200px; --smush-placeholder-aspect-ratio: 200\/200;\" \/><\/figure><div class=\"wp-block-media-text__content\">\n<h2 class=\"wp-block-heading\"><strong>Nathalie <\/strong><br><strong>Mazeaudou<\/strong><\/h2>\n\n\n\n<p>Membre du CA<\/p>\n<\/div><\/div>\n\n\n\n<div class=\"wp-block-media-text alignwide is-stacked-on-mobile is-vertically-aligned-top\" style=\"grid-template-columns:33% auto\"><figure class=\"wp-block-media-text__media\"><img decoding=\"async\" width=\"200\" height=\"200\" data-src=\"https:\/\/ciel31-handball.fr\/wp-content\/uploads\/2025\/03\/neutre-1.png\" alt=\"\" class=\"wp-image-3597 size-full lazyload\" data-srcset=\"https:\/\/ciel31-handball.fr\/wp-content\/uploads\/2025\/03\/neutre-1.png 200w, https:\/\/ciel31-handball.fr\/wp-content\/uploads\/2025\/03\/neutre-1-100x100.png 100w, https:\/\/ciel31-handball.fr\/wp-content\/uploads\/2025\/03\/neutre-1-150x150.png 150w\" data-sizes=\"(max-width: 200px) 100vw, 200px\" src=\"data:image\/svg+xml;base64,PHN2ZyB3aWR0aD0iMSIgaGVpZ2h0PSIxIiB4bWxucz0iaHR0cDovL3d3dy53My5vcmcvMjAwMC9zdmciPjwvc3ZnPg==\" style=\"--smush-placeholder-width: 200px; --smush-placeholder-aspect-ratio: 200\/200;\" \/><\/figure><div class=\"wp-block-media-text__content\">\n<h2 class=\"wp-block-heading\"><strong>Huguette <\/strong><br><strong>Ga\u00ebtan<\/strong><\/h2>\n\n\n\n<p>Membre du CA <\/p>\n<\/div><\/div>\n\n\n\n<div class=\"wp-block-media-text alignwide is-stacked-on-mobile is-vertically-aligned-top\" style=\"grid-template-columns:33% auto\"><figure class=\"wp-block-media-text__media\"><img decoding=\"async\" width=\"200\" height=\"200\" data-src=\"https:\/\/ciel31-handball.fr\/wp-content\/uploads\/2025\/03\/neutre-1.png\" alt=\"\" class=\"wp-image-3597 size-full lazyload\" data-srcset=\"https:\/\/ciel31-handball.fr\/wp-content\/uploads\/2025\/03\/neutre-1.png 200w, https:\/\/ciel31-handball.fr\/wp-content\/uploads\/2025\/03\/neutre-1-100x100.png 100w, https:\/\/ciel31-handball.fr\/wp-content\/uploads\/2025\/03\/neutre-1-150x150.png 150w\" data-sizes=\"(max-width: 200px) 100vw, 200px\" src=\"data:image\/svg+xml;base64,PHN2ZyB3aWR0aD0iMSIgaGVpZ2h0PSIxIiB4bWxucz0iaHR0cDovL3d3dy53My5vcmcvMjAwMC9zdmciPjwvc3ZnPg==\" style=\"--smush-placeholder-width: 200px; --smush-placeholder-aspect-ratio: 200\/200;\" \/><\/figure><div class=\"wp-block-media-text__content\">\n<h2 class=\"wp-block-heading\"><strong>Laetitia<br>LAURENS<\/strong><\/h2>\n\n\n\n<p>Membre du CA <\/p>\n<\/div><\/div>\n\n\n\n<div class=\"wp-block-media-text alignwide is-stacked-on-mobile is-vertically-aligned-top\" style=\"grid-template-columns:33% auto\"><figure class=\"wp-block-media-text__media\"><img decoding=\"async\" width=\"200\" height=\"200\" data-src=\"https:\/\/ciel31-handball.fr\/wp-content\/uploads\/2025\/03\/neutre-1.png\" alt=\"\" class=\"wp-image-3597 size-full lazyload\" data-srcset=\"https:\/\/ciel31-handball.fr\/wp-content\/uploads\/2025\/03\/neutre-1.png 200w, https:\/\/ciel31-handball.fr\/wp-content\/uploads\/2025\/03\/neutre-1-100x100.png 100w, https:\/\/ciel31-handball.fr\/wp-content\/uploads\/2025\/03\/neutre-1-150x150.png 150w\" data-sizes=\"(max-width: 200px) 100vw, 200px\" src=\"data:image\/svg+xml;base64,PHN2ZyB3aWR0aD0iMSIgaGVpZ2h0PSIxIiB4bWxucz0iaHR0cDovL3d3dy53My5vcmcvMjAwMC9zdmciPjwvc3ZnPg==\" style=\"--smush-placeholder-width: 200px; --smush-placeholder-aspect-ratio: 200\/200;\" \/><\/figure><div class=\"wp-block-media-text__content\">\n<h2 class=\"wp-block-heading\"><strong>Audrey<br>Pujol<\/strong><\/h2>\n\n\n\n<p>Membre du CA <\/p>\n<\/div><\/div>\n<\/div>\n<\/div>\n\n\n\n<div class=\"wp-block-columns is-layout-flex wp-container-core-columns-is-layout-9d6595d7 wp-block-columns-is-layout-flex\">\n<div class=\"wp-block-column is-layout-flow wp-block-column-is-layout-flow\"><\/div>\n<\/div>\n\n\n\n<p><\/p>\n","protected":false},"excerpt":{"rendered":"<p>Patrice Scansani Membre du CA Damien Gellet Membre du CA Emilie Gellet Membre du CA Corinne Tavera Membre du CA Fr\u00e9d\u00e9ricGalinier Membre du CA M\u00e9lanieBerges Membre du CA MoustakimaMaore Membre du CA Nathalie Mazeaudou Membre du CA Huguette Ga\u00ebtan Membre du CA LaetitiaLAURENS Membre du CA AudreyPujol Membre du CA<\/p>\n","protected":false},"author":2,"featured_media":0,"parent":0,"menu_order":0,"comment_status":"closed","ping_status":"closed","template":"","meta":{"_eb_attr":"","footnotes":""},"folder":[43],"class_list":["post-1609","page","type-page","status-publish","hentry"],"_links":{"self":[{"href":"https:\/\/ciel31-handball.fr\/index.php?rest_route=\/wp\/v2\/pages\/1609","targetHints":{"allow":["GET"]}}],"collection":[{"href":"https:\/\/ciel31-handball.fr\/index.php?rest_route=\/wp\/v2\/pages"}],"about":[{"href":"https:\/\/ciel31-handball.fr\/index.php?rest_route=\/wp\/v2\/types\/page"}],"author":[{"embeddable":true,"href":"https:\/\/ciel31-handball.fr\/index.php?rest_route=\/wp\/v2\/users\/2"}],"replies":[{"embeddable":true,"href":"https:\/\/ciel31-handball.fr\/index.php?rest_route=%2Fwp%2Fv2%2Fcomments&post=1609"}],"version-history":[{"count":0,"href":"https:\/\/ciel31-handball.fr\/index.php?rest_route=\/wp\/v2\/pages\/1609\/revisions"}],"wp:attachment":[{"href":"https:\/\/ciel31-handball.fr\/index.php?rest_route=%2Fwp%2Fv2%2Fmedia&parent=1609"}],"wp:term":[{"taxonomy":"folder","embeddable":true,"href":"https:\/\/ciel31-handball.fr\/index.php?rest_route=%2Fwp%2Fv2%2Ffolder&post=1609"}],"curies":[{"name":"wp","href":"https:\/\/api.w.org\/{rel}","templated":true}]}}