{"id":1576,"date":"2020-10-21T03:23:30","date_gmt":"2020-10-21T01:23:30","guid":{"rendered":"https:\/\/ciel31-handball.fr\/?page_id=1576"},"modified":"2020-11-19T22:50:12","modified_gmt":"2020-11-19T21:50:12","slug":"a-propos-de-ciel31","status":"publish","type":"page","link":"https:\/\/ciel31-handball.fr\/?page_id=1576","title":{"rendered":"Histoire du Club"},"content":{"rendered":"\n<p>Vous d\u00e9couvrez \u00e0 peine notre club, ou \u00eates un fid\u00e8le supporter s\u2019apercevant qu\u2019il ne sait pas d\u2019o\u00f9 il vient&nbsp;?! Voici donc Ciel 31 qui se raconte en 7 points*.<\/p>\n\n\n\n<p><strong>1- Ca veut dire quoi Ciel 31&nbsp;?<\/strong> Ciel 31 c\u2019est l\u2019acronyme de Club Intercommunal Escalquens-Lab\u00e8ge&nbsp;; et 31 c\u2019est pour dire qu\u2019on est en Haute Garonne, mais \u00e7a vous l\u2019auriez sans doute devin\u00e9&nbsp;!<\/p>\n\n\n\n<p><strong>2- Pourquoi deux clubs en 1\u00a0?<\/strong> Au d\u00e9part, Escalquens \u00e9tait un club mixte, appartenant au club omnisport de la ville, et Lab\u00e8ge un club strictement masculin. Comme dans beaucoup d\u2019histoires, gar\u00e7ons et filles ont d\u00e9cid\u00e9 de se rassembler dans un m\u00eame club, pour cr\u00e9er plus de mixit\u00e9 et de convivialit\u00e9\u2026 Bon d\u2019accord, c\u2019\u00e9tait plut\u00f4t parce qu\u2019\u00e0 l\u2019\u00e9poque, les s\u00e9niors de Lab\u00e8ge avaient l\u2019occasion de jouer en Nationale 3 et le vieux gymnase de Lab\u00e8ge \u00e9tait un peu v\u00e9tuste. Voil\u00e0 le vrai pourquoi de la fusion de nos deux clubs en 1992. Remarquez, \u00e0 ce jour on compte quand m\u00eame plusieurs \u00ab\u00a0b\u00e9b\u00e9s Ciel 31\u00a0\u00bb, signe que la convivialit\u00e9 aussi a port\u00e9 ses fruits\u00a0!!!<\/p>\n\n\n\n<p><strong>3- Pourquoi joue-t-on en \u00ab&nbsp;noir et jaune&nbsp;\u00bb&nbsp;?<\/strong> Parce que \u00ab&nbsp;jaune et noir&nbsp;\u00bb c\u2019\u00e9tait d\u00e9j\u00e0 pris par un c\u00e9l\u00e8bre club de rugby\u2026 Mais surtout parce qu\u2019\u00e0 l\u2019origine, Lab\u00e8ge jouait en jaune, et Escalquens en violet. A la fusion des deux clubs, les couleurs ont fusionn\u00e9 aussi\u2026 Il nous a fallu quelques ann\u00e9es pour conclure que short jaune et T-shirt violet c\u2019\u00e9tait pas terrible niveau association de couleurs, du coup on a bascul\u00e9 sur une dominante noire, avec une touche de jaune, pour plus de style&nbsp;! Pour tous ceux qui voudraient parfaire leur style noir et jaune, la boutique regorge d\u2019articles en tout genre \u00e0 nos couleurs&nbsp;!<\/p>\n\n\n\n<p><strong>4- Combien d\u2019\u00e9quipes y a-t-il \u00e0 Ciel 31&nbsp;?<\/strong> Avec une quinzaine d\u2019\u00e9quipes engag\u00e9es, Ciel 31 rassemble aujourd\u2019hui pr\u00e8s de 250 licenci\u00e9s&nbsp;: des enfants \u00e0 partir de 6 ans, jusqu\u2019aux s\u00e9niors (sans limite d\u2019\u00e2ge cette fois, mais avec un certificat m\u00e9dical valide tout de m\u00eame&nbsp;!). Certains joueurs ont d\u2019ailleurs commenc\u00e9 enfant, puis adolescents ont \u00e9t\u00e9 entra\u00een\u00e9 par des s\u00e9niors, et ont fini par jouer \u00e0 leurs c\u00f4t\u00e9s lorsqu\u2019ils ont grandi&nbsp;! Une belle fiert\u00e9 pour eux\u2026 et pour nous&nbsp;! Le club compte aussi une dizaine d\u2019arbitres et de jeunes arbitres, sans qui jouer au hand ne serait pas possible&nbsp;! Enfin, nous sommes fiers de pouvoir compter sur des b\u00e9n\u00e9voles et des parents pour supporter tous nos joueurs&nbsp;: pour eux, une bonne dose d\u2019applause et quelques encouragements dans un esprit toujours bon enfant (certains anciens du club nous racontent ces matches dans des contr\u00e9es sauvages et lointaines, o\u00f9 les mamies du village font des croches pattes \u00e0 nos joueurs avec leur canne \u00e0 leur entr\u00e9e sur le terrain&nbsp;!) .<\/p>\n\n\n\n<p><strong>5- Y a-t-il eu des stars du handball ici&nbsp;?<\/strong> Et bien figurez vous que oui&nbsp;! Josip Samarzija (a.k.a \u00ab&nbsp;Juza&nbsp;\u00bb) a entra\u00een\u00e9 la N3 \u00e0 l\u2019\u00e9poque de la fusion des deux clubs. Mais avant cela il \u00e9tait juste\u2026 entra\u00eeneur de l\u2019\u00e9quipe nationale f\u00e9minine de Yougoslavie. Championne olympique en 1984. De cette grande \u00e9quipe \u00e0 la n\u00f4tre, il n\u2019y avait qu\u2019un pas et Juza l\u2019a fait&nbsp;! Les anciens se souviennent encore de cet entra\u00eeneur et en parlent toujours avec passion&nbsp;!<\/p>\n\n\n\n<p>Roch Beods a \u00e9galement entra\u00een\u00e9 nos -15 gar\u00e7ons en 1997, avant de s\u2019en aller vers\u2026 L\u2019\u00e9quipe de Caen en N1\u2026<\/p>\n\n\n\n<p>C\u00f4t\u00e9 joueurs, Francis N\u2019Tamack, c\u00e9l\u00e8bre rugbyman de l\u2019\u00e9quipe de France, venait travailler ses appuis \u00e0 Ciel 31\u2026 Et oui, m\u00eame les grandes \u00e9quipes de rugby n\u2019ont rien \u00e0 envier \u00e0 notre club&nbsp;!<\/p>\n\n\n\n<p><strong>6- Ca co\u00fbte combien un club de hand comme le n\u00f4tre&nbsp;?<\/strong> Ciel 31, c\u2019est 65000\u20ac\/saison. On ne dirait pas comme \u00e7a, mais faire tourner un club de sport ce n\u2019est pas rien&nbsp;! Entre les charges de la Ligue, du Comit\u00e9, les frais d\u2019arbitrage, de tournois, le mat\u00e9riel\u2026 la tr\u00e9sori\u00e8re a du boulot&nbsp;! Et puis nous avons la chance de pouvoir embaucher depuis 2013 un entra\u00eeneur dipl\u00f4m\u00e9, qui g\u00e8re plusieurs de nos \u00e9quipes\u2026 C\u00f4t\u00e9 recettes, on peut compter sur les subventions des mairies de Lab\u00e8ge et Escalquens, les cotisations des licenci\u00e9s, ainsi que sur des sponsors priv\u00e9s qui nous apportent une aide financi\u00e8re et\/ou mat\u00e9rielle. Et comme il n\u2019y a pas de petits profits, si vous aussi vous pensez pouvoir nous aider ou nous soutenir, rdv \u00e0 la rubrique \u00ab&nbsp;Sponsors&nbsp;\u00bb !<\/p>\n\n\n\n<p><strong>7- C\u2019est quoi notre vision du hand \u00e0 Ciel 31&nbsp;? <\/strong>Ici l\u2019ambiance est d\u2019abord familiale&nbsp;: c\u2019est le plaisir de jouer et de progresser ensemble qui nous anime. Ensuite, pour toutes les \u00e9quipes engag\u00e9es dans les diff\u00e9rents championnats, il s\u2019agit de jouer au meilleur niveau possible, dans le respect de chacun (joueurs, entra\u00eeneurs, arbitres et supporters). Bref, la base du sport collectif quoi&nbsp;!<\/p>\n\n\n\n<p>Ciel 31 c\u2019est donc un peu comme une grande famille, o\u00f9 chacun a sa place et son r\u00f4le \u00e0 jouer&nbsp;! Nous remercions ici tous les joueurs, b\u00e9n\u00e9voles,arbitres, sponsors et supporters qui nous permettent de faire vivre et avancer notre club depuis 1982\u2026 et nous vous donnons rendez-vous sur les terrains&nbsp;!<\/p>\n\n\n\n<p>* Pourquoi 7 points&nbsp;? Parce qu\u2019il ne peut y avoir que 7 joueurs \u00e0 la fois sur le terrain&nbsp;!<\/p>\n","protected":false},"excerpt":{"rendered":"<p>Vous d\u00e9couvrez \u00e0 peine notre club, ou \u00eates un fid\u00e8le supporter s\u2019apercevant qu\u2019il ne sait pas d\u2019o\u00f9 il vient&nbsp;?! Voici donc Ciel 31 qui se raconte en 7 points*. 1- Ca veut dire quoi Ciel 31&nbsp;? Ciel 31 c\u2019est l\u2019acronyme de Club Intercommunal Escalquens-Lab\u00e8ge&nbsp;; et 31 c\u2019est pour dire qu\u2019on est en Haute Garonne, mais &hellip; <\/p>\n<p class=\"link-more\"><a href=\"https:\/\/ciel31-handball.fr\/?page_id=1576\" class=\"more-link\">Continuer la lecture<span class=\"screen-reader-text\"> de &laquo;&nbsp;Histoire du Club&nbsp;&raquo;<\/span><\/a><\/p>\n","protected":false},"author":1,"featured_media":0,"parent":0,"menu_order":0,"comment_status":"closed","ping_status":"closed","template":"","meta":{"_eb_attr":"","footnotes":""},"folder":[43],"class_list":["post-1576","page","type-page","status-publish","hentry"],"_links":{"self":[{"href":"https:\/\/ciel31-handball.fr\/index.php?rest_route=\/wp\/v2\/pages\/1576","targetHints":{"allow":["GET"]}}],"collection":[{"href":"https:\/\/ciel31-handball.fr\/index.php?rest_route=\/wp\/v2\/pages"}],"about":[{"href":"https:\/\/ciel31-handball.fr\/index.php?rest_route=\/wp\/v2\/types\/page"}],"author":[{"embeddable":true,"href":"https:\/\/ciel31-handball.fr\/index.php?rest_route=\/wp\/v2\/users\/1"}],"replies":[{"embeddable":true,"href":"https:\/\/ciel31-handball.fr\/index.php?rest_route=%2Fwp%2Fv2%2Fcomments&post=1576"}],"version-history":[{"count":0,"href":"https:\/\/ciel31-handball.fr\/index.php?rest_route=\/wp\/v2\/pages\/1576\/revisions"}],"wp:attachment":[{"href":"https:\/\/ciel31-handball.fr\/index.php?rest_route=%2Fwp%2Fv2%2Fmedia&parent=1576"}],"wp:term":[{"taxonomy":"folder","embeddable":true,"href":"https:\/\/ciel31-handball.fr\/index.php?rest_route=%2Fwp%2Fv2%2Ffolder&post=1576"}],"curies":[{"name":"wp","href":"https:\/\/api.w.org\/{rel}","templated":true}]}}